{"id":623,"date":"2020-02-12T18:46:03","date_gmt":"2020-02-12T17:46:03","guid":{"rendered":"https:\/\/gfm-gmbh.com\/produktbroschuere\/"},"modified":"2024-11-04T11:20:36","modified_gmt":"2024-11-04T10:20:36","slug":"brochure-du-produit","status":"publish","type":"page","link":"https:\/\/gfm-gmbh.com\/fr\/brochure-du-produit\/","title":{"rendered":"Brochure du produit"},"content":{"rendered":"<\/p>\n\n<style type=\"text\/css\" data-created_by=\"avia_inline_auto\" id=\"style-css-av-1rkkv-b2aeb44200351b56b17afb942a5b8ffc\">\n.flex_column.av-1rkkv-b2aeb44200351b56b17afb942a5b8ffc{\nborder-radius:0px 0px 0px 0px;\npadding:0px 0px 0px 0px;\n}\n<\/style>\n<div  class='flex_column av-1rkkv-b2aeb44200351b56b17afb942a5b8ffc av_one_half  avia-builder-el-0  el_before_av_one_half  avia-builder-el-first  first flex_column_div av-zero-column-padding  '     ><p>\n<style type=\"text\/css\" data-created_by=\"avia_inline_auto\" id=\"style-css-av-k6jlwbb3-9e2d26180a37ee22dcca3e5b30e35467\">\n#top .av-special-heading.av-k6jlwbb3-9e2d26180a37ee22dcca3e5b30e35467{\npadding-bottom:10px;\n}\nbody .av-special-heading.av-k6jlwbb3-9e2d26180a37ee22dcca3e5b30e35467 .av-special-heading-tag .heading-char{\nfont-size:25px;\n}\n.av-special-heading.av-k6jlwbb3-9e2d26180a37ee22dcca3e5b30e35467 .av-subheading{\nfont-size:15px;\n}\n<\/style>\n<div  class='av-special-heading av-k6jlwbb3-9e2d26180a37ee22dcca3e5b30e35467 av-special-heading-h1  avia-builder-el-1  el_before_av_textblock  avia-builder-el-first '><h1 class='av-special-heading-tag '  itemprop=\"headline\"  >Brochure du produit<\/h1><div class=\"special-heading-border\"><div class=\"special-heading-inner-border\"><\/div><\/div><\/div><br \/>\n<section  class='av_textblock_section av-k6jlj62y-b50f6b280f75c81467a4a55633ade9d4 '   itemscope=\"itemscope\" itemtype=\"https:\/\/schema.org\/CreativeWork\" ><div class='avia_textblock'  itemprop=\"text\" ><p>Nous sommes tr\u00e8s heureux de l\u2019int\u00e9r\u00eat que vous portez \u00e0 nos produits. Si vous souhaitez en savoir plus sur nos produits, veuillez t\u00e9l\u00e9charger la brochure PDF.<\/p>\n<\/div><\/section><br \/>\n<div  class='avia-button-wrap av-k6jlpmw3-76d56c9386d36e58dc978f956e7b5b29-wrap avia-button-left  avia-builder-el-3  el_after_av_textblock  avia-builder-el-last '><a href='https:\/\/gfm-gmbh.com\/wp-content\/uploads\/2024\/11\/GfM_catalogue_de_produits_2024.pdf'  class='avia-button av-k6jlpmw3-76d56c9386d36e58dc978f956e7b5b29 av-link-btn avia-icon_select-yes-left-icon avia-size-medium avia-position-left avia-color-grey'  target=\"_blank\"  rel=\"noopener noreferrer\"  aria-label=\"T\u00e9l\u00e9charger la brochure\"><span class='avia_button_icon avia_button_icon_left avia-iconfont avia-font-entypo-fontello' data-av_icon='\ue84e' data-av_iconfont='entypo-fontello' ><\/span><span class='avia_iconbox_title' >T\u00e9l\u00e9charger la brochure<\/span><\/a><\/div><\/p><\/div>\n<style type=\"text\/css\" data-created_by=\"avia_inline_auto\" id=\"style-css-av-15tef-7940f158afd634df85ba95759b717989\">\n.flex_column.av-15tef-7940f158afd634df85ba95759b717989{\nborder-radius:0px 0px 0px 0px;\npadding:0px 0px 0px 0px;\n}\n<\/style>\n<div  class='flex_column av-15tef-7940f158afd634df85ba95759b717989 av_one_half  avia-builder-el-4  el_after_av_one_half  el_before_av_one_third  flex_column_div av-zero-column-padding  '     ><\/div><\/p>\n\n<style type=\"text\/css\" data-created_by=\"avia_inline_auto\" id=\"style-css-av-1vejj-9932d88ac03ccc4d7d23c40ab7fdbda6\">\n.flex_column.av-1vejj-9932d88ac03ccc4d7d23c40ab7fdbda6{\nborder-radius:0px 0px 0px 0px;\npadding:0px 0px 0px 0px;\n}\n<\/style>\n<div  class='flex_column av-1vejj-9932d88ac03ccc4d7d23c40ab7fdbda6 av_one_third  avia-builder-el-5  el_after_av_one_half  el_before_av_one_third  first flex_column_div av-zero-column-padding  column-top-margin'     ><p>\n<style type=\"text\/css\" data-created_by=\"avia_inline_auto\" id=\"style-css-av-jmghmeou-6947af303166fa17c0879a44880c63b0\">\n.av_font_icon.av-jmghmeou-6947af303166fa17c0879a44880c63b0 .av-icon-char{\nfont-size:40px;\nline-height:40px;\nwidth:40px;\n}\n<\/style>\n<span  class='av_font_icon av-jmghmeou-6947af303166fa17c0879a44880c63b0 avia_animate_when_visible av-icon-style-border avia-icon-pos-center avia-iconfont avia-font-entypo-fontello av-no-color avia-icon-animate'><span class='av-icon-char' data-av_icon='\ue812' data-av_iconfont='entypo-fontello' aria-hidden=\"true\" ><\/span><\/span><br \/>\n<section  class='av_textblock_section av-jmghna4s-e61eccfb464601bd9940f56c77f0855c '   itemscope=\"itemscope\" itemtype=\"https:\/\/schema.org\/CreativeWork\" ><div class='avia_textblock'  itemprop=\"text\" ><h2 style=\"text-align: center;\">Innovant<\/h2>\n<p style=\"text-align: center;\">D\u00e9veloppement et production de produits m\u00e9dicaux<\/p>\n<\/div><\/section><\/p><\/div>\n\n<style type=\"text\/css\" data-created_by=\"avia_inline_auto\" id=\"style-css-av-1ckub-f28a54f120aa083fea80726e375e2e60\">\n.flex_column.av-1ckub-f28a54f120aa083fea80726e375e2e60{\nborder-radius:0px 0px 0px 0px;\npadding:0px 0px 0px 0px;\n}\n<\/style>\n<div  class='flex_column av-1ckub-f28a54f120aa083fea80726e375e2e60 av_one_third  avia-builder-el-8  el_after_av_one_third  el_before_av_one_third  flex_column_div av-zero-column-padding  column-top-margin'     ><p>\n<style type=\"text\/css\" data-created_by=\"avia_inline_auto\" id=\"style-css-av-jmghmeou-6947af303166fa17c0879a44880c63b0\">\n.av_font_icon.av-jmghmeou-6947af303166fa17c0879a44880c63b0 .av-icon-char{\nfont-size:40px;\nline-height:40px;\nwidth:40px;\n}\n<\/style>\n<span  class='av_font_icon av-jmghmeou-6947af303166fa17c0879a44880c63b0 avia_animate_when_visible av-icon-style-border avia-icon-pos-center avia-iconfont avia-font-entypo-fontello av-no-color avia-icon-animate'><span class='av-icon-char' data-av_icon='\ue812' data-av_iconfont='entypo-fontello' aria-hidden=\"true\" ><\/span><\/span><br \/>\n<section  class='av_textblock_section av-jmghna4s-e61eccfb464601bd9940f56c77f0855c '   itemscope=\"itemscope\" itemtype=\"https:\/\/schema.org\/CreativeWork\" ><div class='avia_textblock'  itemprop=\"text\" ><h2 style=\"text-align: center;\">Made in Germany<\/h2>\n<p style=\"text-align: center;\">Nos produits sont con\u00e7us et fabriqu\u00e9s par nos soins.<\/p>\n<\/div><\/section><\/p><\/div>\n\n<style type=\"text\/css\" data-created_by=\"avia_inline_auto\" id=\"style-css-av-pdcj-3f79b5ab181c2233e73cb7357e43e1c4\">\n.flex_column.av-pdcj-3f79b5ab181c2233e73cb7357e43e1c4{\nborder-radius:0px 0px 0px 0px;\npadding:0px 0px 0px 0px;\n}\n<\/style>\n<div  class='flex_column av-pdcj-3f79b5ab181c2233e73cb7357e43e1c4 av_one_third  avia-builder-el-11  el_after_av_one_third  el_before_av_one_full  flex_column_div av-zero-column-padding  column-top-margin'     ><p>\n<style type=\"text\/css\" data-created_by=\"avia_inline_auto\" id=\"style-css-av-jmghmeou-6947af303166fa17c0879a44880c63b0\">\n.av_font_icon.av-jmghmeou-6947af303166fa17c0879a44880c63b0 .av-icon-char{\nfont-size:40px;\nline-height:40px;\nwidth:40px;\n}\n<\/style>\n<span  class='av_font_icon av-jmghmeou-6947af303166fa17c0879a44880c63b0 avia_animate_when_visible av-icon-style-border avia-icon-pos-center avia-iconfont avia-font-entypo-fontello av-no-color avia-icon-animate'><span class='av-icon-char' data-av_icon='\ue812' data-av_iconfont='entypo-fontello' aria-hidden=\"true\" ><\/span><\/span><br \/>\n<section  class='av_textblock_section av-jmghna4s-e61eccfb464601bd9940f56c77f0855c '   itemscope=\"itemscope\" itemtype=\"https:\/\/schema.org\/CreativeWork\" ><div class='avia_textblock'  itemprop=\"text\" ><h2 style=\"text-align: center;\">Service<\/h2>\n<p style=\"text-align: center;\">Notre \u00e9quipe de service comp\u00e9tente est toujours \u00e0 votre disposition.<\/p>\n<\/div><\/section><\/p><\/div>\n\n<style type=\"text\/css\" data-created_by=\"avia_inline_auto\" id=\"style-css-av-k6jlxez9-b746ab75f8491d1a3569d1ba05c4cfbc\">\n#top .flex_column.av-k6jlxez9-b746ab75f8491d1a3569d1ba05c4cfbc{\nmargin-top:100px;\nmargin-bottom:100px;\n}\n.flex_column.av-k6jlxez9-b746ab75f8491d1a3569d1ba05c4cfbc{\nborder-radius:0px 0px 0px 0px;\npadding:0px 0px 0px 0px;\n}\n.responsive #top #wrap_all .flex_column.av-k6jlxez9-b746ab75f8491d1a3569d1ba05c4cfbc{\nmargin-top:100px;\nmargin-bottom:100px;\n}\n<\/style>\n<div  class='flex_column av-k6jlxez9-b746ab75f8491d1a3569d1ba05c4cfbc av_one_full  avia-builder-el-14  el_after_av_one_third  avia-builder-el-last  first flex_column_div av-zero-column-padding  column-top-margin'     ><\/div>\n","protected":false},"excerpt":{"rendered":"","protected":false},"author":1,"featured_media":0,"parent":0,"menu_order":0,"comment_status":"closed","ping_status":"closed","template":"","meta":{"footnotes":""},"class_list":["post-623","page","type-page","status-publish","hentry"],"featured_image_src":null,"yoast_head":"<!-- This site is optimized with the Yoast SEO plugin v27.3 - https:\/\/yoast.com\/product\/yoast-seo-wordpress\/ -->\n<title>Brochure du produit - GfM Gesellschaft f\u00fcr Medizintechnik<\/title>\n<meta name=\"robots\" content=\"index, follow, max-snippet:-1, max-image-preview:large, max-video-preview:-1\" \/>\n<link rel=\"canonical\" href=\"https:\/\/gfm-gmbh.com\/fr\/brochure-du-produit\/\" \/>\n<meta property=\"og:locale\" content=\"fr_FR\" \/>\n<meta property=\"og:type\" content=\"article\" \/>\n<meta property=\"og:title\" content=\"Brochure du produit - GfM Gesellschaft f\u00fcr Medizintechnik\" \/>\n<meta property=\"og:url\" content=\"https:\/\/gfm-gmbh.com\/fr\/brochure-du-produit\/\" \/>\n<meta property=\"og:site_name\" content=\"GfM Gesellschaft f\u00fcr Medizintechnik\" \/>\n<meta property=\"article:modified_time\" content=\"2024-11-04T10:20:36+00:00\" \/>\n<meta name=\"twitter:card\" content=\"summary_large_image\" \/>\n<meta name=\"twitter:label1\" content=\"Est. reading time\" \/>\n\t<meta name=\"twitter:data1\" content=\"1 minute\" \/>\n<script type=\"application\/ld+json\" class=\"yoast-schema-graph\">{\"@context\":\"https:\\\/\\\/schema.org\",\"@graph\":[{\"@type\":\"WebPage\",\"@id\":\"https:\\\/\\\/gfm-gmbh.com\\\/fr\\\/brochure-du-produit\\\/\",\"url\":\"https:\\\/\\\/gfm-gmbh.com\\\/fr\\\/brochure-du-produit\\\/\",\"name\":\"Brochure du produit - GfM Gesellschaft f\u00fcr Medizintechnik\",\"isPartOf\":{\"@id\":\"https:\\\/\\\/gfm-gmbh.com\\\/#website\"},\"datePublished\":\"2020-02-12T17:46:03+00:00\",\"dateModified\":\"2024-11-04T10:20:36+00:00\",\"breadcrumb\":{\"@id\":\"https:\\\/\\\/gfm-gmbh.com\\\/fr\\\/brochure-du-produit\\\/#breadcrumb\"},\"inLanguage\":\"fr-FR\",\"potentialAction\":[{\"@type\":\"ReadAction\",\"target\":[\"https:\\\/\\\/gfm-gmbh.com\\\/fr\\\/brochure-du-produit\\\/\"]}]},{\"@type\":\"BreadcrumbList\",\"@id\":\"https:\\\/\\\/gfm-gmbh.com\\\/fr\\\/brochure-du-produit\\\/#breadcrumb\",\"itemListElement\":[{\"@type\":\"ListItem\",\"position\":1,\"name\":\"Startseite\",\"item\":\"https:\\\/\\\/gfm-gmbh.com\\\/fr\\\/\"},{\"@type\":\"ListItem\",\"position\":2,\"name\":\"Brochure du produit\"}]},{\"@type\":\"WebSite\",\"@id\":\"https:\\\/\\\/gfm-gmbh.com\\\/#website\",\"url\":\"https:\\\/\\\/gfm-gmbh.com\\\/\",\"name\":\"GfM Gesellschaft f\u00fcr Medizintechnik\",\"description\":\"\",\"publisher\":{\"@id\":\"https:\\\/\\\/gfm-gmbh.com\\\/#organization\"},\"potentialAction\":[{\"@type\":\"SearchAction\",\"target\":{\"@type\":\"EntryPoint\",\"urlTemplate\":\"https:\\\/\\\/gfm-gmbh.com\\\/?s={search_term_string}\"},\"query-input\":{\"@type\":\"PropertyValueSpecification\",\"valueRequired\":true,\"valueName\":\"search_term_string\"}}],\"inLanguage\":\"fr-FR\"},{\"@type\":\"Organization\",\"@id\":\"https:\\\/\\\/gfm-gmbh.com\\\/#organization\",\"name\":\"GFM Gesellschaft f\u00fcr Medizintechnik\",\"url\":\"https:\\\/\\\/gfm-gmbh.com\\\/\",\"logo\":{\"@type\":\"ImageObject\",\"inLanguage\":\"fr-FR\",\"@id\":\"https:\\\/\\\/gfm-gmbh.com\\\/#\\\/schema\\\/logo\\\/image\\\/\",\"url\":\"https:\\\/\\\/gfm-gmbh.com\\\/wp-content\\\/uploads\\\/2018\\\/09\\\/gfm-logo-website.png\",\"contentUrl\":\"https:\\\/\\\/gfm-gmbh.com\\\/wp-content\\\/uploads\\\/2018\\\/09\\\/gfm-logo-website.png\",\"width\":340,\"height\":156,\"caption\":\"GFM Gesellschaft f\u00fcr Medizintechnik\"},\"image\":{\"@id\":\"https:\\\/\\\/gfm-gmbh.com\\\/#\\\/schema\\\/logo\\\/image\\\/\"}}]}<\/script>\n<!-- \/ Yoast SEO plugin. -->","yoast_head_json":{"title":"Brochure du produit - GfM Gesellschaft f\u00fcr Medizintechnik","robots":{"index":"index","follow":"follow","max-snippet":"max-snippet:-1","max-image-preview":"max-image-preview:large","max-video-preview":"max-video-preview:-1"},"canonical":"https:\/\/gfm-gmbh.com\/fr\/brochure-du-produit\/","og_locale":"fr_FR","og_type":"article","og_title":"Brochure du produit - GfM Gesellschaft f\u00fcr Medizintechnik","og_url":"https:\/\/gfm-gmbh.com\/fr\/brochure-du-produit\/","og_site_name":"GfM Gesellschaft f\u00fcr Medizintechnik","article_modified_time":"2024-11-04T10:20:36+00:00","twitter_card":"summary_large_image","twitter_misc":{"Est. reading time":"1 minute"},"schema":{"@context":"https:\/\/schema.org","@graph":[{"@type":"WebPage","@id":"https:\/\/gfm-gmbh.com\/fr\/brochure-du-produit\/","url":"https:\/\/gfm-gmbh.com\/fr\/brochure-du-produit\/","name":"Brochure du produit - GfM Gesellschaft f\u00fcr Medizintechnik","isPartOf":{"@id":"https:\/\/gfm-gmbh.com\/#website"},"datePublished":"2020-02-12T17:46:03+00:00","dateModified":"2024-11-04T10:20:36+00:00","breadcrumb":{"@id":"https:\/\/gfm-gmbh.com\/fr\/brochure-du-produit\/#breadcrumb"},"inLanguage":"fr-FR","potentialAction":[{"@type":"ReadAction","target":["https:\/\/gfm-gmbh.com\/fr\/brochure-du-produit\/"]}]},{"@type":"BreadcrumbList","@id":"https:\/\/gfm-gmbh.com\/fr\/brochure-du-produit\/#breadcrumb","itemListElement":[{"@type":"ListItem","position":1,"name":"Startseite","item":"https:\/\/gfm-gmbh.com\/fr\/"},{"@type":"ListItem","position":2,"name":"Brochure du produit"}]},{"@type":"WebSite","@id":"https:\/\/gfm-gmbh.com\/#website","url":"https:\/\/gfm-gmbh.com\/","name":"GfM Gesellschaft f\u00fcr Medizintechnik","description":"","publisher":{"@id":"https:\/\/gfm-gmbh.com\/#organization"},"potentialAction":[{"@type":"SearchAction","target":{"@type":"EntryPoint","urlTemplate":"https:\/\/gfm-gmbh.com\/?s={search_term_string}"},"query-input":{"@type":"PropertyValueSpecification","valueRequired":true,"valueName":"search_term_string"}}],"inLanguage":"fr-FR"},{"@type":"Organization","@id":"https:\/\/gfm-gmbh.com\/#organization","name":"GFM Gesellschaft f\u00fcr Medizintechnik","url":"https:\/\/gfm-gmbh.com\/","logo":{"@type":"ImageObject","inLanguage":"fr-FR","@id":"https:\/\/gfm-gmbh.com\/#\/schema\/logo\/image\/","url":"https:\/\/gfm-gmbh.com\/wp-content\/uploads\/2018\/09\/gfm-logo-website.png","contentUrl":"https:\/\/gfm-gmbh.com\/wp-content\/uploads\/2018\/09\/gfm-logo-website.png","width":340,"height":156,"caption":"GFM Gesellschaft f\u00fcr Medizintechnik"},"image":{"@id":"https:\/\/gfm-gmbh.com\/#\/schema\/logo\/image\/"}}]}},"jetpack_sharing_enabled":true,"_links":{"self":[{"href":"https:\/\/gfm-gmbh.com\/fr\/wp-json\/wp\/v2\/pages\/623","targetHints":{"allow":["GET"]}}],"collection":[{"href":"https:\/\/gfm-gmbh.com\/fr\/wp-json\/wp\/v2\/pages"}],"about":[{"href":"https:\/\/gfm-gmbh.com\/fr\/wp-json\/wp\/v2\/types\/page"}],"author":[{"embeddable":true,"href":"https:\/\/gfm-gmbh.com\/fr\/wp-json\/wp\/v2\/users\/1"}],"replies":[{"embeddable":true,"href":"https:\/\/gfm-gmbh.com\/fr\/wp-json\/wp\/v2\/comments?post=623"}],"version-history":[{"count":21,"href":"https:\/\/gfm-gmbh.com\/fr\/wp-json\/wp\/v2\/pages\/623\/revisions"}],"predecessor-version":[{"id":1128,"href":"https:\/\/gfm-gmbh.com\/fr\/wp-json\/wp\/v2\/pages\/623\/revisions\/1128"}],"wp:attachment":[{"href":"https:\/\/gfm-gmbh.com\/fr\/wp-json\/wp\/v2\/media?parent=623"}],"curies":[{"name":"wp","href":"https:\/\/api.w.org\/{rel}","templated":true}]}}